{"id":98,"date":"2022-09-28T12:56:02","date_gmt":"2022-09-28T09:56:02","guid":{"rendered":"https:\/\/pohpa.com\/?page_id=98"},"modified":"2023-02-28T16:10:48","modified_gmt":"2023-02-28T14:10:48","slug":"main","status":"publish","type":"page","link":"https:\/\/pohpa.com\/en\/","title":{"rendered":"Main page"},"content":{"rendered":"<div class=\"wp-block-cover alignfull is-light\"><span aria-hidden=\"true\" class=\"wp-block-cover__background has-background-dim\"><\/span><img decoding=\"async\" class=\"wp-block-cover__image-background\" alt=\"\" src=\"https:\/\/pohpa.com\/wp-content\/uploads\/2022\/10\/Transit-tuulipuisto_3.jpg\" style=\"object-position:50% 60%\" data-object-fit=\"cover\" data-object-position=\"50% 60%\"\/><div class=\"wp-block-cover__inner-container is-layout-flow wp-block-cover-is-layout-flow\">\n<p class=\"has-text-align-center has-large-font-size\"><\/p>\n<\/div><\/div>\n\n\n\n<h2 class=\"wp-block-heading has-text-align-center\" style=\"padding-top:var(--wp--preset--spacing--40);padding-right:var(--wp--preset--spacing--40);padding-bottom:var(--wp--preset--spacing--40);padding-left:var(--wp--preset--spacing--40)\">WE PROVIDE FOLLOWING SERVICES:<\/h2>\n\n\n\n<div class=\"wp-block-columns is-layout-flex wp-container-core-columns-is-layout-28f84493 wp-block-columns-is-layout-flex\">\n<div class=\"wp-block-column is-layout-flow wp-block-column-is-layout-flow\">\n<div class=\"inherit-container-width wp-block-group is-layout-constrained wp-block-group-is-layout-constrained\"><div class=\"wp-block-group__inner-container\">\n<h3 class=\"wp-block-heading has-text-align-center\">Special transportation escort and traffic control<\/h3>\n\n\n\n<p class=\"has-text-align-center\">For special transportation escort and traffic control we have 3 fully equipped vehicles. When more is needed to complete your transportation we will call to our trusted partners to assist.<\/p>\n<\/div><\/div>\n<\/div>\n\n\n\n<div class=\"wp-block-column is-layout-flow wp-block-column-is-layout-flow\">\n<div class=\"inherit-container-width wp-block-group is-layout-constrained wp-block-group-is-layout-constrained\"><div class=\"wp-block-group__inner-container\">\n<h3 class=\"wp-block-heading has-text-align-center\">Route surveys and inspections<\/h3>\n\n\n\n<p class=\"has-text-align-center\">We are able to make route surveys where it is unclear if your transportations are able to fit through the given route. We can also inspect if your chosen route is viable for the transportation.\n\nWe can also apply for special transport permits from ELY-center for your transportation if a permit is required.<\/p>\n<\/div><\/div>\n<\/div>\n\n\n\n<div class=\"wp-block-column is-layout-flow wp-block-column-is-layout-flow\">\n<div class=\"inherit-container-width wp-block-group is-layout-constrained wp-block-group-is-layout-constrained\"><div class=\"wp-block-group__inner-container\">\n<h3 class=\"wp-block-heading has-text-align-center\">Transportation Management Services<\/h3>\n\n\n\n<div style=\"height:6px\" aria-hidden=\"true\" class=\"wp-block-spacer\"><\/div>\n\n\n\n<p class=\"has-text-align-center\">We can provide management assistance for transportations in different types of projects. Wind power construction being one of our main areas.<\/p>\n<\/div><\/div>\n<\/div>\n<\/div>","protected":false},"excerpt":{"rendered":"<p>PALVELUITAMME OVAT: Erikoiskuljetusten liikenteenohjaus Erikoiskuljetusten liikenteen ohjaukseen meill\u00e4 on k\u00e4ytett\u00e4viss\u00e4 3 EKL-varusteltua ajoneuvoa. Tarvittaessa j\u00e4rjest\u00e4mme lis\u00e4\u00e4 yhteisty\u00f6kumppaniemme kautta. Reittisuunnittelu ja -tutkimukset Reittisuunnittelu ja tutkimukset sek\u00e4 erikoiskuljetuslupien hakeminen ELY-keskuksesta. Kuljetusprojektien ty\u00f6njohto Voimme my\u00f6s toimia erilaisten kuljetus voimaprojektien kuljetushallintaan liittyviss\u00e4 teht\u00e4viss\u00e4. esimerkiksi tuulivoima projekteissa.<\/p>","protected":false},"author":1,"featured_media":0,"parent":0,"menu_order":0,"comment_status":"closed","ping_status":"closed","template":"","meta":{"_uag_custom_page_level_css":"","site-sidebar-layout":"no-sidebar","site-content-layout":"page-builder","ast-site-content-layout":"default","site-content-style":"default","site-sidebar-style":"default","ast-global-header-display":"","ast-banner-title-visibility":"","ast-main-header-display":"","ast-hfb-above-header-display":"","ast-hfb-below-header-display":"","ast-hfb-mobile-header-display":"","site-post-title":"disabled","ast-breadcrumbs-content":"","ast-featured-img":"disabled","footer-sml-layout":"","ast-disable-related-posts":"","theme-transparent-header-meta":"","adv-header-id-meta":"","stick-header-meta":"","header-above-stick-meta":"","header-main-stick-meta":"","header-below-stick-meta":"","astra-migrate-meta-layouts":"default","ast-page-background-enabled":"default","ast-page-background-meta":{"desktop":{"background-color":"","background-image":"","background-repeat":"repeat","background-position":"center center","background-size":"auto","background-attachment":"scroll","background-type":"","background-media":"","overlay-type":"","overlay-color":"","overlay-opacity":"","overlay-gradient":""},"tablet":{"background-color":"","background-image":"","background-repeat":"repeat","background-position":"center center","background-size":"auto","background-attachment":"scroll","background-type":"","background-media":"","overlay-type":"","overlay-color":"","overlay-opacity":"","overlay-gradient":""},"mobile":{"background-color":"","background-image":"","background-repeat":"repeat","background-position":"center center","background-size":"auto","background-attachment":"scroll","background-type":"","background-media":"","overlay-type":"","overlay-color":"","overlay-opacity":"","overlay-gradient":""}},"ast-content-background-meta":{"desktop":{"background-color":"var(--ast-global-color-5)","background-image":"","background-repeat":"repeat","background-position":"center center","background-size":"auto","background-attachment":"scroll","background-type":"","background-media":"","overlay-type":"","overlay-color":"","overlay-opacity":"","overlay-gradient":""},"tablet":{"background-color":"var(--ast-global-color-5)","background-image":"","background-repeat":"repeat","background-position":"center center","background-size":"auto","background-attachment":"scroll","background-type":"","background-media":"","overlay-type":"","overlay-color":"","overlay-opacity":"","overlay-gradient":""},"mobile":{"background-color":"var(--ast-global-color-5)","background-image":"","background-repeat":"repeat","background-position":"center center","background-size":"auto","background-attachment":"scroll","background-type":"","background-media":"","overlay-type":"","overlay-color":"","overlay-opacity":"","overlay-gradient":""}},"footnotes":""},"class_list":["post-98","page","type-page","status-publish","hentry"],"uagb_featured_image_src":{"full":false,"thumbnail":false,"medium":false,"medium_large":false,"large":false,"1536x1536":false,"2048x2048":false,"trp-custom-language-flag":false,"mailpoet_newsletter_max":false,"woocommerce_thumbnail":false,"woocommerce_single":false,"woocommerce_gallery_thumbnail":false},"uagb_author_info":{"display_name":"pohjolanhuoltopalvelu@gmail.com","author_link":"https:\/\/pohpa.com\/en\/author\/pohjolanhuoltopalvelugmail-com\/"},"uagb_comment_info":0,"uagb_excerpt":"PALVELUITAMME OVAT: Erikoiskuljetusten liikenteenohjaus Erikoiskuljetusten liikenteen ohjaukseen meill\u00e4 on k\u00e4ytett\u00e4viss\u00e4 3 EKL-varusteltua ajoneuvoa. Tarvittaessa j\u00e4rjest\u00e4mme lis\u00e4\u00e4 yhteisty\u00f6kumppaniemme kautta. Reittisuunnittelu ja -tutkimukset Reittisuunnittelu ja tutkimukset sek\u00e4 erikoiskuljetuslupien hakeminen ELY-keskuksesta. Kuljetusprojektien ty\u00f6njohto Voimme my\u00f6s toimia erilaisten kuljetus voimaprojektien kuljetushallintaan liittyviss\u00e4 teht\u00e4viss\u00e4. esimerkiksi tuulivoima projekteissa.","_links":{"self":[{"href":"https:\/\/pohpa.com\/en\/wp-json\/wp\/v2\/pages\/98","targetHints":{"allow":["GET"]}}],"collection":[{"href":"https:\/\/pohpa.com\/en\/wp-json\/wp\/v2\/pages"}],"about":[{"href":"https:\/\/pohpa.com\/en\/wp-json\/wp\/v2\/types\/page"}],"author":[{"embeddable":true,"href":"https:\/\/pohpa.com\/en\/wp-json\/wp\/v2\/users\/1"}],"replies":[{"embeddable":true,"href":"https:\/\/pohpa.com\/en\/wp-json\/wp\/v2\/comments?post=98"}],"version-history":[{"count":21,"href":"https:\/\/pohpa.com\/en\/wp-json\/wp\/v2\/pages\/98\/revisions"}],"predecessor-version":[{"id":649,"href":"https:\/\/pohpa.com\/en\/wp-json\/wp\/v2\/pages\/98\/revisions\/649"}],"wp:attachment":[{"href":"https:\/\/pohpa.com\/en\/wp-json\/wp\/v2\/media?parent=98"}],"curies":[{"name":"wp","href":"https:\/\/api.w.org\/{rel}","templated":true}]}}