{"id":306,"date":"2022-11-30T14:25:15","date_gmt":"2022-11-30T12:25:15","guid":{"rendered":"https:\/\/pohpa.com\/?page_id=306"},"modified":"2023-01-28T13:43:21","modified_gmt":"2023-01-28T11:43:21","slug":"ekl-services","status":"publish","type":"page","link":"https:\/\/pohpa.com\/en\/ekl-services\/","title":{"rendered":"Special transportation escort"},"content":{"rendered":"<div class=\"wp-block-cover is-light\"><span aria-hidden=\"true\" class=\"wp-block-cover__background has-background-dim-0 has-background-dim\"><\/span><img decoding=\"async\" class=\"wp-block-cover__image-background\" alt=\"\" src=\"https:\/\/pohpa.com\/wp-content\/uploads\/2022\/10\/Transit-tuulipuisto_3.jpg\" style=\"object-position:50% 60%\" data-object-fit=\"cover\" data-object-position=\"50% 60%\"\/><div class=\"wp-block-cover__inner-container is-layout-flow wp-block-cover-is-layout-flow\">\n<p class=\"has-text-align-center has-large-font-size\"><\/p>\n<\/div><\/div>\n\n\n\n<div style=\"height:61px\" aria-hidden=\"true\" class=\"wp-block-spacer\"><\/div>\n\n\n\n<h2 class=\"has-text-align-center wp-block-heading\">Erikoiskuljetusten liikenteenohjauspalvelut<\/h2>\n\n\n\n<div style=\"height:38px\" aria-hidden=\"true\" class=\"wp-block-spacer\"><\/div>\n\n\n\n<p class=\"has-text-align-center\">Jos kuljetuksesi vaatii liikenteenohjaajaa koon tai reitin puolesta tai haluat varmistaa ett\u00e4 kuljetuksesi mahtuu reitilt\u00e4si l\u00e4vitse voimme tarjota alla olevia palveluita.<\/p>\n\n\n\n<p class=\"has-text-align-center\">Ennen kuljetusta on hyv\u00e4 my\u00f6s tutustua ELY-keskuksen kuljetuslupaehtoihin joita erikoiskuljetuksissa on noudatettava.<br><a style=\"color: #3366ff;\" href=\"https:\/\/pohpa.com\/wp-content\/uploads\/2022\/12\/Erikoiskuljetusluvan_lupaehdot.pdf\">Erikoiskuljetusluvan_lupaehdot<\/a><\/p>\n\n\n\n<div style=\"height:43px\" aria-hidden=\"true\" class=\"wp-block-spacer\"><\/div>\n\n\n\n<div class=\"wp-block-columns is-layout-flex wp-container-core-columns-is-layout-28f84493 wp-block-columns-is-layout-flex\">\n<div class=\"wp-block-column is-layout-flow wp-block-column-is-layout-flow\" style=\"border-style:none;border-width:0px\">\n<div class=\"wp-block-group is-layout-constrained wp-block-group-is-layout-constrained\"><div class=\"wp-block-group__inner-container\">\n<figure class=\"wp-block-image aligncenter has-custom-border\"><img loading=\"lazy\" decoding=\"async\" width=\"2016\" height=\"1134\" src=\"https:\/\/pohpa.com\/wp-content\/uploads\/2023\/01\/Bjornberget-edited.jpg\" alt=\"\" class=\"wp-image-605\" style=\"border-radius:25px\" srcset=\"https:\/\/pohpa.com\/wp-content\/uploads\/2023\/01\/Bjornberget-edited.jpg 2016w, https:\/\/pohpa.com\/wp-content\/uploads\/2023\/01\/Bjornberget-edited-300x169.jpg 300w, https:\/\/pohpa.com\/wp-content\/uploads\/2023\/01\/Bjornberget-edited-1024x576.jpg 1024w, https:\/\/pohpa.com\/wp-content\/uploads\/2023\/01\/Bjornberget-edited-768x432.jpg 768w, https:\/\/pohpa.com\/wp-content\/uploads\/2023\/01\/Bjornberget-edited-1536x864.jpg 1536w, https:\/\/pohpa.com\/wp-content\/uploads\/2023\/01\/Bjornberget-edited-18x10.jpg 18w, https:\/\/pohpa.com\/wp-content\/uploads\/2023\/01\/Bjornberget-edited-1320x743.jpg 1320w, https:\/\/pohpa.com\/wp-content\/uploads\/2023\/01\/Bjornberget-edited-600x338.jpg 600w\" sizes=\"auto, (max-width: 2016px) 100vw, 2016px\" \/><\/figure>\n<\/div><\/div>\n<\/div>\n\n\n\n<div class=\"wp-block-column is-vertically-aligned-center is-layout-flow wp-block-column-is-layout-flow\">\n<div class=\"wp-block-group is-layout-constrained wp-block-group-is-layout-constrained\"><div class=\"wp-block-group__inner-container\">\n<h3 class=\"has-text-align-center wp-block-heading\">Special transportation escort and traffic control<\/h3>\n\n\n\n<p class=\"has-text-align-center\">Erikoiskuljetusten liikenteenohjaus kuljetuksissa joiden koko tai reitti vaatii varoitus &#8211; tai EKL-ajoneuvon k\u00e4ytt\u00f6\u00e4. Meill\u00e4 on my\u00f6s sillanvalvontaoikeus mik\u00e4li erikoiskuljetuksen reitill\u00e4 on huomioitavia siltoja, joiden ylitys voidaan hoitaa &#8221;Omavalvontana&#8221;.<\/p>\n\n\n\n<h3 class=\"has-text-align-center wp-block-heading\">Erikoiskuljetusten ohjaaminen &#8217;napitus&#8217;<\/h3>\n\n\n\n<p class=\"has-text-align-center\">Tarvittaessa voimme my\u00f6s toimia erikoiskuljetuksessa kuljetuksen takana toimivana ohjausmiehen\u00e4 joka tarkkailee ja tarvittaessa ohjaa kuljetusta.<\/p>\n<\/div><\/div>\n<\/div>\n<\/div>\n\n\n\n<div class=\"wp-block-columns is-layout-flex wp-container-core-columns-is-layout-28f84493 wp-block-columns-is-layout-flex\">\n<div class=\"wp-block-column is-vertically-aligned-center is-layout-flow wp-block-column-is-layout-flow\">\n<div class=\"wp-block-group is-layout-constrained wp-block-group-is-layout-constrained\"><div class=\"wp-block-group__inner-container\">\n<h3 class=\"has-text-align-center wp-block-heading\">Reittisuunnittelu \/ -tutkimus sek\u00e4 kuljetuslupien hakeminen<\/h3>\n\n\n\n<p class=\"has-text-align-center\">Suoritamme my\u00f6s pyydett\u00e4ess\u00e4 erikoiskuljetusten reittien suunnittelua ja tutkimista. Kuljetuksen koon ollessa huomattavan suuri on syyt\u00e4 tutkia k\u00e4ytett\u00e4v\u00e4 reitti ennen kuljetuksen suorittamista, jotta mahdolliset ongelmakohdat havaitaan ajoissa ja niille ehdit\u00e4\u00e4n joko etsi\u00e4 vaihtoehtoinen reitti, pyyt\u00e4\u00e4 muokkaus tai purkut\u00f6it\u00e4 (liittym\u00e4, portaalit ym.).<\/p>\n\n\n\n<p class=\"has-text-align-center has-ast-global-color-0-color has-text-color\"><b><strong>Lis\u00e4ksi voimme my\u00f6s hakea erikoiskuljetuslupaa asiakkaan puolesta ELY-keskuksesta.<\/strong><\/b><\/p>\n<\/div><\/div>\n<\/div>\n\n\n\n<div class=\"wp-block-column is-layout-flow wp-block-column-is-layout-flow\">\n<figure class=\"wp-block-image size-large has-custom-border\"><img loading=\"lazy\" decoding=\"async\" width=\"2016\" height=\"1134\" src=\"https:\/\/pohpa.com\/wp-content\/uploads\/2023\/01\/IMG-20220203-WA0000-edited.jpg\" alt=\"\" class=\"wp-image-608\" style=\"border-radius:25px\" srcset=\"https:\/\/pohpa.com\/wp-content\/uploads\/2023\/01\/IMG-20220203-WA0000-edited.jpg 2016w, https:\/\/pohpa.com\/wp-content\/uploads\/2023\/01\/IMG-20220203-WA0000-edited-300x169.jpg 300w, https:\/\/pohpa.com\/wp-content\/uploads\/2023\/01\/IMG-20220203-WA0000-edited-1024x576.jpg 1024w, https:\/\/pohpa.com\/wp-content\/uploads\/2023\/01\/IMG-20220203-WA0000-edited-768x432.jpg 768w, https:\/\/pohpa.com\/wp-content\/uploads\/2023\/01\/IMG-20220203-WA0000-edited-1536x864.jpg 1536w, https:\/\/pohpa.com\/wp-content\/uploads\/2023\/01\/IMG-20220203-WA0000-edited-18x10.jpg 18w, https:\/\/pohpa.com\/wp-content\/uploads\/2023\/01\/IMG-20220203-WA0000-edited-1320x743.jpg 1320w, https:\/\/pohpa.com\/wp-content\/uploads\/2023\/01\/IMG-20220203-WA0000-edited-600x338.jpg 600w\" sizes=\"auto, (max-width: 2016px) 100vw, 2016px\" \/><\/figure>\n<\/div>\n<\/div>","protected":false},"excerpt":{"rendered":"<p>Erikoiskuljetusten liikenteenohjauspalvelut Jos kuljetuksesi vaatii liikenteenohjaajaa koon tai reitin puolesta tai haluat varmistaa ett\u00e4 kuljetuksesi mahtuu reitilt\u00e4si l\u00e4vitse voimme tarjota alla olevia palveluita. Ennen kuljetusta on hyv\u00e4 my\u00f6s tutustua ELY-keskuksen kuljetuslupaehtoihin joita erikoiskuljetuksissa on noudatettava.Erikoiskuljetusluvan_lupaehdot Erikoiskuljetusten liikenteenohjaus Erikoiskuljetusten liikenteenohjaus kuljetuksissa joiden koko tai reitti vaatii varoitus &#8211; tai EKL-ajoneuvon k\u00e4ytt\u00f6\u00e4. Meill\u00e4 on my\u00f6s sillanvalvontaoikeus mik\u00e4li [&hellip;]<\/p>\n","protected":false},"author":2,"featured_media":0,"parent":0,"menu_order":0,"comment_status":"closed","ping_status":"closed","template":"","meta":{"_uag_custom_page_level_css":"","site-sidebar-layout":"no-sidebar","site-content-layout":"page-builder","ast-site-content-layout":"default","site-content-style":"default","site-sidebar-style":"default","ast-global-header-display":"","ast-banner-title-visibility":"","ast-main-header-display":"","ast-hfb-above-header-display":"","ast-hfb-below-header-display":"","ast-hfb-mobile-header-display":"","site-post-title":"disabled","ast-breadcrumbs-content":"","ast-featured-img":"disabled","footer-sml-layout":"","ast-disable-related-posts":"","theme-transparent-header-meta":"","adv-header-id-meta":"","stick-header-meta":"","header-above-stick-meta":"","header-main-stick-meta":"","header-below-stick-meta":"","astra-migrate-meta-layouts":"default","ast-page-background-enabled":"default","ast-page-background-meta":{"desktop":{"background-color":"","background-image":"","background-repeat":"repeat","background-position":"center center","background-size":"auto","background-attachment":"scroll","background-type":"","background-media":"","overlay-type":"","overlay-color":"","overlay-opacity":"","overlay-gradient":""},"tablet":{"background-color":"","background-image":"","background-repeat":"repeat","background-position":"center center","background-size":"auto","background-attachment":"scroll","background-type":"","background-media":"","overlay-type":"","overlay-color":"","overlay-opacity":"","overlay-gradient":""},"mobile":{"background-color":"","background-image":"","background-repeat":"repeat","background-position":"center center","background-size":"auto","background-attachment":"scroll","background-type":"","background-media":"","overlay-type":"","overlay-color":"","overlay-opacity":"","overlay-gradient":""}},"ast-content-background-meta":{"desktop":{"background-color":"var(--ast-global-color-5)","background-image":"","background-repeat":"repeat","background-position":"center center","background-size":"auto","background-attachment":"scroll","background-type":"","background-media":"","overlay-type":"","overlay-color":"","overlay-opacity":"","overlay-gradient":""},"tablet":{"background-color":"var(--ast-global-color-5)","background-image":"","background-repeat":"repeat","background-position":"center center","background-size":"auto","background-attachment":"scroll","background-type":"","background-media":"","overlay-type":"","overlay-color":"","overlay-opacity":"","overlay-gradient":""},"mobile":{"background-color":"var(--ast-global-color-5)","background-image":"","background-repeat":"repeat","background-position":"center center","background-size":"auto","background-attachment":"scroll","background-type":"","background-media":"","overlay-type":"","overlay-color":"","overlay-opacity":"","overlay-gradient":""}},"footnotes":""},"class_list":["post-306","page","type-page","status-publish","hentry"],"uagb_featured_image_src":{"full":false,"thumbnail":false,"medium":false,"medium_large":false,"large":false,"1536x1536":false,"2048x2048":false,"trp-custom-language-flag":false,"mailpoet_newsletter_max":false,"woocommerce_thumbnail":false,"woocommerce_single":false,"woocommerce_gallery_thumbnail":false},"uagb_author_info":{"display_name":"Anssi Kivij\u00e4rvi","author_link":"https:\/\/pohpa.com\/en\/author\/anssi-kivijarvi\/"},"uagb_comment_info":0,"uagb_excerpt":"Erikoiskuljetusten liikenteenohjauspalvelut Jos kuljetuksesi vaatii liikenteenohjaajaa koon tai reitin puolesta tai haluat varmistaa ett\u00e4 kuljetuksesi mahtuu reitilt\u00e4si l\u00e4vitse voimme tarjota alla olevia palveluita. Ennen kuljetusta on hyv\u00e4 my\u00f6s tutustua ELY-keskuksen kuljetuslupaehtoihin joita erikoiskuljetuksissa on noudatettava.Erikoiskuljetusluvan_lupaehdot Erikoiskuljetusten liikenteenohjaus Erikoiskuljetusten liikenteenohjaus kuljetuksissa joiden koko tai reitti vaatii varoitus &#8211; tai EKL-ajoneuvon k\u00e4ytt\u00f6\u00e4. Meill\u00e4 on my\u00f6s sillanvalvontaoikeus mik\u00e4li&hellip;","_links":{"self":[{"href":"https:\/\/pohpa.com\/en\/wp-json\/wp\/v2\/pages\/306","targetHints":{"allow":["GET"]}}],"collection":[{"href":"https:\/\/pohpa.com\/en\/wp-json\/wp\/v2\/pages"}],"about":[{"href":"https:\/\/pohpa.com\/en\/wp-json\/wp\/v2\/types\/page"}],"author":[{"embeddable":true,"href":"https:\/\/pohpa.com\/en\/wp-json\/wp\/v2\/users\/2"}],"replies":[{"embeddable":true,"href":"https:\/\/pohpa.com\/en\/wp-json\/wp\/v2\/comments?post=306"}],"version-history":[{"count":19,"href":"https:\/\/pohpa.com\/en\/wp-json\/wp\/v2\/pages\/306\/revisions"}],"predecessor-version":[{"id":612,"href":"https:\/\/pohpa.com\/en\/wp-json\/wp\/v2\/pages\/306\/revisions\/612"}],"wp:attachment":[{"href":"https:\/\/pohpa.com\/en\/wp-json\/wp\/v2\/media?parent=306"}],"curies":[{"name":"wp","href":"https:\/\/api.w.org\/{rel}","templated":true}]}}