{"id":12,"date":"2022-09-27T16:08:42","date_gmt":"2022-09-27T13:08:42","guid":{"rendered":"https:\/\/pohpa.com\/?page_id=12"},"modified":"2023-02-15T16:23:00","modified_gmt":"2023-02-15T14:23:00","slug":"contact","status":"publish","type":"page","link":"https:\/\/pohpa.com\/en\/contact\/","title":{"rendered":"Contact Info"},"content":{"rendered":"\n<div class=\"wp-block-cover alignwide\" style=\"margin-top:var(--wp--preset--spacing--30);margin-bottom:var(--wp--preset--spacing--30)\"><span aria-hidden=\"true\" class=\"wp-block-cover__background has-background-dim\"><\/span><img decoding=\"async\" class=\"wp-block-cover__image-background\" alt=\"\" src=\"https:\/\/pohpa.com\/wp-content\/uploads\/2022\/10\/Transit-tuulipuisto-2020_2.jpg\" data-object-fit=\"cover\"\/><div class=\"wp-block-cover__inner-container is-layout-flow wp-block-cover-is-layout-flow\">\n<p class=\"has-text-align-center has-large-font-size\"><\/p>\n<\/div><\/div>\n\n\n\n<div class=\"wp-block-uagb-container uagb-block-6671010c alignfull uagb-is-root-container\"><div class=\"uagb-container-inner-blocks-wrap\">\n<div class=\"wp-block-uagb-container uagb-block-211fe8fb\">\n<div class=\"wp-block-uagb-container uagb-block-170c09de\">\n<div class=\"wp-block-uagb-container uagb-block-b6fb2ff8\">\n<div class=\"wp-block-uagb-info-box uagb-block-edc494ed uagb-infobox__content-wrap  uagb-infobox-icon-above-title uagb-infobox-image-valign-top\"><div class=\"uagb-ifb-content\"><div class=\"uagb-ifb-image-content\"><img decoding=\"async\" src=\"https:\/\/pohpa.com\/wp-content\/uploads\/2022\/10\/traffic-signs-right-of-way-test-361513-300x212.jpg\" alt=\"traffic signs, right of way, test-361513.jpg\" width=\"200\" height=\"141\" loading=\"lazy\"\/><\/div><div class=\"uagb-ifb-title-wrap\"><h3 class=\"uagb-ifb-title\">Anssi Kivij\u00e4rvi<\/h3><\/div><p class=\"uagb-ifb-desc\">Puh. +358 45 252 0570<br>anskiv@pohpa.com<\/p><\/div><\/div>\n<\/div>\n<\/div>\n<\/div>\n\n\n\n<div class=\"wp-block-uagb-container uagb-block-4214a586\">\n<div class=\"wp-block-uagb-container uagb-block-58ad9241\">\n<div class=\"wp-block-uagb-info-box uagb-block-34e079bc uagb-infobox__content-wrap  uagb-infobox-icon-above-title uagb-infobox-image-valign-top\"><div class=\"uagb-ifb-content\"><div class=\"uagb-ifb-image-content\"><img decoding=\"async\" src=\"https:\/\/pohpa.com\/wp-content\/uploads\/2022\/10\/traffic-signs-right-of-way-test-361513-300x212.jpg\" alt=\"traffic signs, right of way, test-361513.jpg\" width=\"200\" height=\"141\" loading=\"lazy\"\/><\/div><div class=\"uagb-ifb-title-wrap\"><h3 class=\"uagb-ifb-title\">Ossi Kivij\u00e4rvi<\/h3><\/div><p class=\"uagb-ifb-desc\">Puh. +358 45 250 1975<br>osskiv@pohpa.com<\/p><\/div><\/div>\n<\/div>\n<\/div>\n\n\n\n<div class=\"wp-block-uagb-info-box uagb-block-3a31b2dd uagb-infobox__content-wrap  uagb-infobox-icon-above-title uagb-infobox-image-valign-top\"><div class=\"uagb-ifb-content\"><div class=\"uagb-ifb-image-content\"><img decoding=\"async\" src=\"https:\/\/pohpa.com\/wp-content\/uploads\/2022\/10\/traffic-signs-right-of-way-test-361513-300x212.jpg\" alt=\"traffic signs, right of way, test-361513.jpg\" width=\"200\" height=\"141\" loading=\"lazy\"\/><\/div><div class=\"uagb-ifb-title-wrap\"><h3 class=\"uagb-ifb-title\">Ari Kivij\u00e4rvi<\/h3><\/div><p class=\"uagb-ifb-desc\">Puh. +358 45 250 5515<br>arikiv@pohpa.com<\/p><\/div><\/div>\n<\/div><\/div>\n\n\n\n<div class=\"wp-block-uagb-container uagb-block-0e758931 alignfull uagb-is-root-container\"><div class=\"uagb-container-inner-blocks-wrap\">\n<div class=\"wp-block-uagb-container uagb-block-0182121e\">\n<h2 class=\"wp-block-heading has-text-align-center\">Yhteystiedot<\/h2>\n\n\n\n<p class=\"has-text-align-center\"><strong>Pohjolan Huoltopalvelu Oy<\/strong><br>Pahkatie 3, 90820 Oulu<br>info@pohpa.com<\/p>\n\n\n\n<p class=\"has-text-align-center\"><strong>Verkkolaskut:<\/strong><br>Verkkolasku osoite: 003730190052<br>V\u00e4litt\u00e4j\u00e4: OpenText (003708599126<\/p>\n<\/div>\n\n\n\n<div class=\"wp-block-uagb-container uagb-block-87e0f0f5\">\n<h2 class=\"wp-block-heading has-text-align-center\">Ota meihin yhteytt\u00e4<\/h2>\n\n\n<div class=\"wpforms-container \" id=\"wpforms-44\"><form id=\"wpforms-form-44\" class=\"wpforms-validate wpforms-form wpforms-ajax-form\" data-formid=\"44\" method=\"post\" enctype=\"multipart\/form-data\" action=\"\/en\/wp-json\/wp\/v2\/pages\/12\" data-token=\"44c5ef376f14e48007cc8571e12caab8\" data-token-time=\"1776505190\"><noscript class=\"wpforms-error-noscript\">Please enable JavaScript in your browser to complete this form.<\/noscript><div class=\"wpforms-field-container\"><div id=\"wpforms-44-field_0-container\" class=\"wpforms-field wpforms-field-name\" data-field-id=\"0\"><label class=\"wpforms-field-label wpforms-label-hide\" for=\"wpforms-44-field_0\">Your Name <span class=\"wpforms-required-label\">*<\/span><\/label><input type=\"text\" id=\"wpforms-44-field_0\" class=\"wpforms-field-large wpforms-field-required\" name=\"wpforms[fields][0]\" placeholder=\"Your Name\" required><\/div><div id=\"wpforms-44-field_1-container\" class=\"wpforms-field wpforms-field-email\" data-field-id=\"1\"><label class=\"wpforms-field-label wpforms-label-hide\" for=\"wpforms-44-field_1\">Email Address <span class=\"wpforms-required-label\">*<\/span><\/label><input type=\"email\" id=\"wpforms-44-field_1\" class=\"wpforms-field-large wpforms-field-required\" name=\"wpforms[fields][1]\" placeholder=\"Your Email\" spellcheck=\"false\" required><\/div><div id=\"wpforms-44-field_3-container\" class=\"wpforms-field wpforms-field-text\" data-field-id=\"3\"><label class=\"wpforms-field-label wpforms-label-hide\" for=\"wpforms-44-field_3\">Subject<\/label><input type=\"text\" id=\"wpforms-44-field_3\" class=\"wpforms-field-large\" name=\"wpforms[fields][3]\" placeholder=\"Subject\" ><\/div><div id=\"wpforms-44-field_2-container\" class=\"wpforms-field wpforms-field-textarea\" data-field-id=\"2\"><label class=\"wpforms-field-label wpforms-label-hide\" for=\"wpforms-44-field_2\">Your Message <span class=\"wpforms-required-label\">*<\/span><\/label><textarea id=\"wpforms-44-field_2\" class=\"wpforms-field-medium wpforms-field-required\" name=\"wpforms[fields][2]\" placeholder=\"Message\" required><\/textarea><\/div><\/div><!-- .wpforms-field-container --><div class=\"wpforms-submit-container\" ><input type=\"hidden\" name=\"wpforms[id]\" value=\"44\"><input type=\"hidden\" name=\"page_title\" value=\"\"><input type=\"hidden\" name=\"page_url\" value=\"https:\/\/pohpa.com\/en\/wp-json\/wp\/v2\/pages\/12\"><input type=\"hidden\" name=\"url_referer\" value=\"\"><button type=\"submit\" name=\"wpforms[submit]\" id=\"wpforms-submit-44\" class=\"wpforms-submit\" data-alt-text=\"Sending...\" data-submit-text=\"Send Message\" aria-live=\"assertive\" value=\"wpforms-submit\">Send Message<\/button><img loading=\"lazy\" decoding=\"async\" src=\"https:\/\/pohpa.com\/wp-content\/plugins\/wpforms-lite\/assets\/images\/submit-spin.svg\" class=\"wpforms-submit-spinner\" style=\"display: none;\" width=\"26\" height=\"26\" alt=\"Loading\"><\/div><\/form><\/div>  <!-- .wpforms-container -->\n<\/div>\n<\/div><\/div>\n\n\n\t\t\t<div \n\t\t\tclass=\"wp-block-uagb-google-map uagb-google-map__wrap uagb-block-2e04e80e     \"\n\t\t\tstyle=\"\" >\n\t\t\t\t<embed\n\t\t\t\t\tclass=\"uagb-google-map__iframe\"\n\t\t\t\t\ttitle=\"Google Map for \"\n\t\t\t\t\tsrc=\"https:\/\/maps.google.com\/maps?q=Pahkatie%203%2C%2090820%20Oulu&#038;z=9&#038;hl=en&#038;t=m&#038;output=embed&#038;iwloc=near\"\n\t\t\t\t\twidth=\"640\"\n\t\t\t\t\theight=\"300\"\n\t\t\t\t\tloading=\"lazy\"\n\t\t\t\t><\/embed>\n\t\t\t<\/div>\n\t\t\t","protected":false},"excerpt":{"rendered":"<p>Yhteystiedot Pohjolan Huoltopalvelu OyPahkatie 3, 90820 Ouluinfo@pohpa.com Verkkolaskut:Verkkolasku osoite: 003730190052V\u00e4litt\u00e4j\u00e4: OpenText (003708599126 Ota meihin yhteytt\u00e4<\/p>","protected":false},"author":2,"featured_media":0,"parent":0,"menu_order":1,"comment_status":"closed","ping_status":"closed","template":"","meta":{"_uag_custom_page_level_css":"","site-sidebar-layout":"no-sidebar","site-content-layout":"page-builder","ast-site-content-layout":"default","site-content-style":"default","site-sidebar-style":"default","ast-global-header-display":"","ast-banner-title-visibility":"","ast-main-header-display":"","ast-hfb-above-header-display":"","ast-hfb-below-header-display":"","ast-hfb-mobile-header-display":"","site-post-title":"disabled","ast-breadcrumbs-content":"","ast-featured-img":"disabled","footer-sml-layout":"","ast-disable-related-posts":"","theme-transparent-header-meta":"","adv-header-id-meta":"","stick-header-meta":"","header-above-stick-meta":"","header-main-stick-meta":"","header-below-stick-meta":"","astra-migrate-meta-layouts":"default","ast-page-background-enabled":"default","ast-page-background-meta":{"desktop":{"background-color":"","background-image":"","background-repeat":"repeat","background-position":"center center","background-size":"auto","background-attachment":"scroll","background-type":"","background-media":"","overlay-type":"","overlay-color":"","overlay-opacity":"","overlay-gradient":""},"tablet":{"background-color":"","background-image":"","background-repeat":"repeat","background-position":"center center","background-size":"auto","background-attachment":"scroll","background-type":"","background-media":"","overlay-type":"","overlay-color":"","overlay-opacity":"","overlay-gradient":""},"mobile":{"background-color":"","background-image":"","background-repeat":"repeat","background-position":"center center","background-size":"auto","background-attachment":"scroll","background-type":"","background-media":"","overlay-type":"","overlay-color":"","overlay-opacity":"","overlay-gradient":""}},"ast-content-background-meta":{"desktop":{"background-color":"var(--ast-global-color-5)","background-image":"","background-repeat":"repeat","background-position":"center center","background-size":"auto","background-attachment":"scroll","background-type":"","background-media":"","overlay-type":"","overlay-color":"","overlay-opacity":"","overlay-gradient":""},"tablet":{"background-color":"var(--ast-global-color-5)","background-image":"","background-repeat":"repeat","background-position":"center center","background-size":"auto","background-attachment":"scroll","background-type":"","background-media":"","overlay-type":"","overlay-color":"","overlay-opacity":"","overlay-gradient":""},"mobile":{"background-color":"var(--ast-global-color-5)","background-image":"","background-repeat":"repeat","background-position":"center center","background-size":"auto","background-attachment":"scroll","background-type":"","background-media":"","overlay-type":"","overlay-color":"","overlay-opacity":"","overlay-gradient":""}},"footnotes":""},"class_list":["post-12","page","type-page","status-publish","hentry"],"uagb_featured_image_src":{"full":false,"thumbnail":false,"medium":false,"medium_large":false,"large":false,"1536x1536":false,"2048x2048":false,"trp-custom-language-flag":false,"mailpoet_newsletter_max":false,"woocommerce_thumbnail":false,"woocommerce_single":false,"woocommerce_gallery_thumbnail":false},"uagb_author_info":{"display_name":"Anssi Kivij\u00e4rvi","author_link":"https:\/\/pohpa.com\/en\/author\/anssi-kivijarvi\/"},"uagb_comment_info":0,"uagb_excerpt":"Yhteystiedot Pohjolan Huoltopalvelu OyPahkatie 3, 90820 Ouluinfo@pohpa.com Verkkolaskut:Verkkolasku osoite: 003730190052V\u00e4litt\u00e4j\u00e4: OpenText (003708599126 Ota meihin yhteytt\u00e4","_links":{"self":[{"href":"https:\/\/pohpa.com\/en\/wp-json\/wp\/v2\/pages\/12","targetHints":{"allow":["GET"]}}],"collection":[{"href":"https:\/\/pohpa.com\/en\/wp-json\/wp\/v2\/pages"}],"about":[{"href":"https:\/\/pohpa.com\/en\/wp-json\/wp\/v2\/types\/page"}],"author":[{"embeddable":true,"href":"https:\/\/pohpa.com\/en\/wp-json\/wp\/v2\/users\/2"}],"replies":[{"embeddable":true,"href":"https:\/\/pohpa.com\/en\/wp-json\/wp\/v2\/comments?post=12"}],"version-history":[{"count":20,"href":"https:\/\/pohpa.com\/en\/wp-json\/wp\/v2\/pages\/12\/revisions"}],"predecessor-version":[{"id":650,"href":"https:\/\/pohpa.com\/en\/wp-json\/wp\/v2\/pages\/12\/revisions\/650"}],"wp:attachment":[{"href":"https:\/\/pohpa.com\/en\/wp-json\/wp\/v2\/media?parent=12"}],"curies":[{"name":"wp","href":"https:\/\/api.w.org\/{rel}","templated":true}]}}